{"id":43244,"date":"2025-04-15T23:51:11","date_gmt":"2025-04-15T21:51:11","guid":{"rendered":"https:\/\/nosplaques.informagedevelop.com\/?post_type=product&#038;p=43244"},"modified":"2025-08-22T21:25:27","modified_gmt":"2025-08-22T19:25:27","slug":"placas-funerarias-elegancia-negra","status":"publish","type":"product","link":"https:\/\/nosplaques.informagedevelop.com\/es\/produit\/placas-funerarias-elegancia-negra\/","title":{"rendered":"Placas Funerarias de Elegancia Negra"},"content":{"rendered":false,"protected":false},"excerpt":{"rendered":"<p class=\"icon-fix\"><span style=\"vertical-align: inherit;\"><span style=\"vertical-align: inherit;\">La adici\u00f3n y personalizaci\u00f3n de texto y fotos se realiza en el siguiente paso.<\/span><\/span><\/p>\n<p class=\"icon-check\"><span style=\"vertical-align: inherit;\"><span style=\"vertical-align: inherit;\">Opciones de verificaci\u00f3n y garant\u00eda disponibles en el carrito<\/span><\/span><\/p>\n","protected":false},"featured_media":52250,"comment_status":"open","ping_status":"closed","template":"","meta":{"_acf_changed":false,"inline_featured_image":false,"_genesis_hide_title":false,"_genesis_hide_breadcrumbs":false,"_genesis_hide_singular_image":false,"_genesis_hide_footer_widgets":false,"_genesis_custom_body_class":"","_genesis_custom_post_class":"","_genesis_layout":"","_links_to":"","_links_to_target":""},"product_brand":[],"product_cat":[76],"product_tag":[],"class_list":{"0":"post-43244","1":"product","2":"type-product","3":"status-publish","4":"has-post-thumbnail","6":"product_cat-placa-funeraria-de-plexiglas","7":"entry","9":"first","10":"instock","11":"featured","12":"shipping-taxable","13":"purchasable","14":"product-type-variable","15":"has-default-attributes"},"acf":[],"yoast_head":"<!-- This site is optimized with the Yoast SEO plugin v26.0 - https:\/\/yoast.com\/wordpress\/plugins\/seo\/ -->\n<title>Placas Funerarias de Elegancia Negra - Nos Plaques Fun\u00e9raires<\/title>\n<meta name=\"robots\" content=\"index, follow, max-snippet:-1, max-image-preview:large, max-video-preview:-1\" \/>\n<link rel=\"canonical\" href=\"https:\/\/nosplaques.informagedevelop.com\/es\/produit\/placas-funerarias-elegancia-negra\/\" \/>\n<meta property=\"og:locale\" content=\"es_ES\" \/>\n<meta property=\"og:type\" content=\"article\" \/>\n<meta property=\"og:title\" content=\"Placas Funerarias de Elegancia Negra - Nos Plaques Fun\u00e9raires\" \/>\n<meta property=\"og:description\" content=\"La adici\u00f3n y personalizaci\u00f3n de texto y fotos se realiza en el siguiente paso. Opciones de verificaci\u00f3n y garant\u00eda disponibles en el carrito\" \/>\n<meta property=\"og:url\" content=\"https:\/\/nosplaques.informagedevelop.com\/es\/produit\/placas-funerarias-elegancia-negra\/\" \/>\n<meta property=\"og:site_name\" content=\"Nos Plaques Fun\u00e9raires\" \/>\n<meta property=\"article:modified_time\" content=\"2025-08-22T19:25:27+00:00\" \/>\n<meta property=\"og:image\" content=\"https:\/\/nosplaques.informagedevelop.com\/wp-content\/uploads\/2025\/04\/Frame-1363.png\" \/>\n\t<meta property=\"og:image:width\" content=\"1300\" \/>\n\t<meta property=\"og:image:height\" content=\"1300\" \/>\n\t<meta property=\"og:image:type\" content=\"image\/png\" \/>\n<meta name=\"twitter:card\" content=\"summary_large_image\" \/>\n<script type=\"application\/ld+json\" class=\"yoast-schema-graph\">{\"@context\":\"https:\/\/schema.org\",\"@graph\":[{\"@type\":\"WebPage\",\"@id\":\"https:\/\/nosplaques.informagedevelop.com\/es\/produit\/placas-funerarias-elegancia-negra\/\",\"url\":\"https:\/\/nosplaques.informagedevelop.com\/es\/produit\/placas-funerarias-elegancia-negra\/\",\"name\":\"Placas Funerarias de Elegancia Negra - Nos Plaques Fun\u00e9raires\",\"isPartOf\":{\"@id\":\"https:\/\/nosplaques.informagedevelop.com\/es\/#website\"},\"primaryImageOfPage\":{\"@id\":\"https:\/\/nosplaques.informagedevelop.com\/es\/produit\/placas-funerarias-elegancia-negra\/#primaryimage\"},\"image\":{\"@id\":\"https:\/\/nosplaques.informagedevelop.com\/es\/produit\/placas-funerarias-elegancia-negra\/#primaryimage\"},\"thumbnailUrl\":\"https:\/\/nosplaques.informagedevelop.com\/wp-content\/uploads\/2025\/04\/Frame-1363.png\",\"datePublished\":\"2025-04-15T21:51:11+00:00\",\"dateModified\":\"2025-08-22T19:25:27+00:00\",\"breadcrumb\":{\"@id\":\"https:\/\/nosplaques.informagedevelop.com\/es\/produit\/placas-funerarias-elegancia-negra\/#breadcrumb\"},\"inLanguage\":\"es\",\"potentialAction\":[{\"@type\":\"ReadAction\",\"target\":[\"https:\/\/nosplaques.informagedevelop.com\/es\/produit\/placas-funerarias-elegancia-negra\/\"]}]},{\"@type\":\"ImageObject\",\"inLanguage\":\"es\",\"@id\":\"https:\/\/nosplaques.informagedevelop.com\/es\/produit\/placas-funerarias-elegancia-negra\/#primaryimage\",\"url\":\"https:\/\/nosplaques.informagedevelop.com\/wp-content\/uploads\/2025\/04\/Frame-1363.png\",\"contentUrl\":\"https:\/\/nosplaques.informagedevelop.com\/wp-content\/uploads\/2025\/04\/Frame-1363.png\",\"width\":1300,\"height\":1300},{\"@type\":\"BreadcrumbList\",\"@id\":\"https:\/\/nosplaques.informagedevelop.com\/es\/produit\/placas-funerarias-elegancia-negra\/#breadcrumb\",\"itemListElement\":[{\"@type\":\"ListItem\",\"position\":1,\"name\":\"Accueil\",\"item\":\"https:\/\/nosplaques.informagedevelop.com\/es\/\"},{\"@type\":\"ListItem\",\"position\":2,\"name\":\"Tienda\",\"item\":\"https:\/\/nosplaques.informagedevelop.com\/es\/tienda\/\"},{\"@type\":\"ListItem\",\"position\":3,\"name\":\"Placas Funerarias de Elegancia Negra\"}]},{\"@type\":\"WebSite\",\"@id\":\"https:\/\/nosplaques.informagedevelop.com\/es\/#website\",\"url\":\"https:\/\/nosplaques.informagedevelop.com\/es\/\",\"name\":\"Nos Plaques Funeraires\",\"description\":\"\",\"publisher\":{\"@id\":\"https:\/\/nosplaques.informagedevelop.com\/es\/#organization\"},\"potentialAction\":[{\"@type\":\"SearchAction\",\"target\":{\"@type\":\"EntryPoint\",\"urlTemplate\":\"https:\/\/nosplaques.informagedevelop.com\/es\/?s={search_term_string}\"},\"query-input\":{\"@type\":\"PropertyValueSpecification\",\"valueRequired\":true,\"valueName\":\"search_term_string\"}}],\"inLanguage\":\"es\"},{\"@type\":\"Organization\",\"@id\":\"https:\/\/nosplaques.informagedevelop.com\/es\/#organization\",\"name\":\"nosplaquesfuneraires.fr\",\"url\":\"https:\/\/nosplaques.informagedevelop.com\/es\/\",\"logo\":{\"@type\":\"ImageObject\",\"inLanguage\":\"es\",\"@id\":\"https:\/\/nosplaques.informagedevelop.com\/es\/#\/schema\/logo\/image\/\",\"url\":\"https:\/\/nosplaques.informagedevelop.com\/wp-content\/uploads\/2025\/03\/icon-logo.png\",\"contentUrl\":\"https:\/\/nosplaques.informagedevelop.com\/wp-content\/uploads\/2025\/03\/icon-logo.png\",\"width\":210,\"height\":210,\"caption\":\"nosplaquesfuneraires.fr\"},\"image\":{\"@id\":\"https:\/\/nosplaques.informagedevelop.com\/es\/#\/schema\/logo\/image\/\"}}]}<\/script>\n<!-- \/ Yoast SEO plugin. -->","yoast_head_json":{"title":"Placas Funerarias de Elegancia Negra - Nos Plaques Fun\u00e9raires","robots":{"index":"index","follow":"follow","max-snippet":"max-snippet:-1","max-image-preview":"max-image-preview:large","max-video-preview":"max-video-preview:-1"},"canonical":"https:\/\/nosplaques.informagedevelop.com\/es\/produit\/placas-funerarias-elegancia-negra\/","og_locale":"es_ES","og_type":"article","og_title":"Placas Funerarias de Elegancia Negra - Nos Plaques Fun\u00e9raires","og_description":"La adici\u00f3n y personalizaci\u00f3n de texto y fotos se realiza en el siguiente paso. Opciones de verificaci\u00f3n y garant\u00eda disponibles en el carrito","og_url":"https:\/\/nosplaques.informagedevelop.com\/es\/produit\/placas-funerarias-elegancia-negra\/","og_site_name":"Nos Plaques Fun\u00e9raires","article_modified_time":"2025-08-22T19:25:27+00:00","og_image":[{"width":1300,"height":1300,"url":"https:\/\/nosplaques.informagedevelop.com\/wp-content\/uploads\/2025\/04\/Frame-1363.png","type":"image\/png"}],"twitter_card":"summary_large_image","schema":{"@context":"https:\/\/schema.org","@graph":[{"@type":"WebPage","@id":"https:\/\/nosplaques.informagedevelop.com\/es\/produit\/placas-funerarias-elegancia-negra\/","url":"https:\/\/nosplaques.informagedevelop.com\/es\/produit\/placas-funerarias-elegancia-negra\/","name":"Placas Funerarias de Elegancia Negra - Nos Plaques Fun\u00e9raires","isPartOf":{"@id":"https:\/\/nosplaques.informagedevelop.com\/es\/#website"},"primaryImageOfPage":{"@id":"https:\/\/nosplaques.informagedevelop.com\/es\/produit\/placas-funerarias-elegancia-negra\/#primaryimage"},"image":{"@id":"https:\/\/nosplaques.informagedevelop.com\/es\/produit\/placas-funerarias-elegancia-negra\/#primaryimage"},"thumbnailUrl":"https:\/\/nosplaques.informagedevelop.com\/wp-content\/uploads\/2025\/04\/Frame-1363.png","datePublished":"2025-04-15T21:51:11+00:00","dateModified":"2025-08-22T19:25:27+00:00","breadcrumb":{"@id":"https:\/\/nosplaques.informagedevelop.com\/es\/produit\/placas-funerarias-elegancia-negra\/#breadcrumb"},"inLanguage":"es","potentialAction":[{"@type":"ReadAction","target":["https:\/\/nosplaques.informagedevelop.com\/es\/produit\/placas-funerarias-elegancia-negra\/"]}]},{"@type":"ImageObject","inLanguage":"es","@id":"https:\/\/nosplaques.informagedevelop.com\/es\/produit\/placas-funerarias-elegancia-negra\/#primaryimage","url":"https:\/\/nosplaques.informagedevelop.com\/wp-content\/uploads\/2025\/04\/Frame-1363.png","contentUrl":"https:\/\/nosplaques.informagedevelop.com\/wp-content\/uploads\/2025\/04\/Frame-1363.png","width":1300,"height":1300},{"@type":"BreadcrumbList","@id":"https:\/\/nosplaques.informagedevelop.com\/es\/produit\/placas-funerarias-elegancia-negra\/#breadcrumb","itemListElement":[{"@type":"ListItem","position":1,"name":"Accueil","item":"https:\/\/nosplaques.informagedevelop.com\/es\/"},{"@type":"ListItem","position":2,"name":"Tienda","item":"https:\/\/nosplaques.informagedevelop.com\/es\/tienda\/"},{"@type":"ListItem","position":3,"name":"Placas Funerarias de Elegancia Negra"}]},{"@type":"WebSite","@id":"https:\/\/nosplaques.informagedevelop.com\/es\/#website","url":"https:\/\/nosplaques.informagedevelop.com\/es\/","name":"Nos Plaques Funeraires","description":"","publisher":{"@id":"https:\/\/nosplaques.informagedevelop.com\/es\/#organization"},"potentialAction":[{"@type":"SearchAction","target":{"@type":"EntryPoint","urlTemplate":"https:\/\/nosplaques.informagedevelop.com\/es\/?s={search_term_string}"},"query-input":{"@type":"PropertyValueSpecification","valueRequired":true,"valueName":"search_term_string"}}],"inLanguage":"es"},{"@type":"Organization","@id":"https:\/\/nosplaques.informagedevelop.com\/es\/#organization","name":"nosplaquesfuneraires.fr","url":"https:\/\/nosplaques.informagedevelop.com\/es\/","logo":{"@type":"ImageObject","inLanguage":"es","@id":"https:\/\/nosplaques.informagedevelop.com\/es\/#\/schema\/logo\/image\/","url":"https:\/\/nosplaques.informagedevelop.com\/wp-content\/uploads\/2025\/03\/icon-logo.png","contentUrl":"https:\/\/nosplaques.informagedevelop.com\/wp-content\/uploads\/2025\/03\/icon-logo.png","width":210,"height":210,"caption":"nosplaquesfuneraires.fr"},"image":{"@id":"https:\/\/nosplaques.informagedevelop.com\/es\/#\/schema\/logo\/image\/"}}]}},"_links":{"self":[{"href":"https:\/\/nosplaques.informagedevelop.com\/es\/wp-json\/wp\/v2\/product\/43244","targetHints":{"allow":["GET"]}}],"collection":[{"href":"https:\/\/nosplaques.informagedevelop.com\/es\/wp-json\/wp\/v2\/product"}],"about":[{"href":"https:\/\/nosplaques.informagedevelop.com\/es\/wp-json\/wp\/v2\/types\/product"}],"replies":[{"embeddable":true,"href":"https:\/\/nosplaques.informagedevelop.com\/es\/wp-json\/wp\/v2\/comments?post=43244"}],"wp:featuredmedia":[{"embeddable":true,"href":"https:\/\/nosplaques.informagedevelop.com\/es\/wp-json\/wp\/v2\/media\/52250"}],"wp:attachment":[{"href":"https:\/\/nosplaques.informagedevelop.com\/es\/wp-json\/wp\/v2\/media?parent=43244"}],"wp:term":[{"taxonomy":"product_brand","embeddable":true,"href":"https:\/\/nosplaques.informagedevelop.com\/es\/wp-json\/wp\/v2\/product_brand?post=43244"},{"taxonomy":"product_cat","embeddable":true,"href":"https:\/\/nosplaques.informagedevelop.com\/es\/wp-json\/wp\/v2\/product_cat?post=43244"},{"taxonomy":"product_tag","embeddable":true,"href":"https:\/\/nosplaques.informagedevelop.com\/es\/wp-json\/wp\/v2\/product_tag?post=43244"}],"curies":[{"name":"wp","href":"https:\/\/api.w.org\/{rel}","templated":true}]}}