{"id":40106,"date":"2025-04-15T01:41:42","date_gmt":"2025-04-14T23:41:42","guid":{"rendered":"https:\/\/nosplaques.informagedevelop.com\/?post_type=product&#038;p=40106"},"modified":"2025-08-22T21:26:18","modified_gmt":"2025-08-22T19:26:18","slug":"placa-funeraria-rosas-de-colores","status":"publish","type":"product","link":"https:\/\/nosplaques.informagedevelop.com\/es\/produit\/placa-funeraria-rosas-de-colores\/","title":{"rendered":"Placa Funeraria Rosas de Colores"},"content":{"rendered":false,"protected":false},"excerpt":{"rendered":"<p class=\"icon-fix\">L&#8217;ajout et la personnalisation de textes et photo se font \u00e0 l&#8217;\u00e9tape suivante<\/p>\n<p class=\"icon-check\">Options de v\u00e9rification et de garantie disponibles au panier<\/p>\n<p>&nbsp;<\/p>\n","protected":false},"featured_media":52268,"comment_status":"open","ping_status":"closed","template":"","meta":{"_acf_changed":false,"inline_featured_image":false,"_genesis_hide_title":false,"_genesis_hide_breadcrumbs":false,"_genesis_hide_singular_image":false,"_genesis_hide_footer_widgets":false,"_genesis_custom_body_class":"","_genesis_custom_post_class":"","_genesis_layout":"","_links_to":"","_links_to_target":""},"product_brand":[],"product_cat":[180,76],"product_tag":[],"class_list":{"0":"post-40106","1":"product","2":"type-product","3":"status-publish","4":"has-post-thumbnail","6":"product_cat-flor","7":"product_cat-placa-funeraria-de-plexiglas","8":"entry","10":"first","11":"instock","12":"featured","13":"shipping-taxable","14":"purchasable","15":"product-type-variable","16":"has-default-attributes"},"acf":[],"yoast_head":"<!-- This site is optimized with the Yoast SEO plugin v26.0 - https:\/\/yoast.com\/wordpress\/plugins\/seo\/ -->\n<title>Placa Funeraria Rosas de Colores - Nos Plaques Fun\u00e9raires<\/title>\n<meta name=\"robots\" content=\"index, follow, max-snippet:-1, max-image-preview:large, max-video-preview:-1\" \/>\n<link rel=\"canonical\" href=\"https:\/\/nosplaques.informagedevelop.com\/es\/produit\/placa-funeraria-rosas-de-colores\/\" \/>\n<meta property=\"og:locale\" content=\"es_ES\" \/>\n<meta property=\"og:type\" content=\"article\" \/>\n<meta property=\"og:title\" content=\"Placa Funeraria Rosas de Colores - Nos Plaques Fun\u00e9raires\" \/>\n<meta property=\"og:description\" content=\"L&#039;ajout et la personnalisation de textes et photo se font \u00e0 l&#039;\u00e9tape suivante Options de v\u00e9rification et de garantie disponibles au panier &nbsp;\" \/>\n<meta property=\"og:url\" content=\"https:\/\/nosplaques.informagedevelop.com\/es\/produit\/placa-funeraria-rosas-de-colores\/\" \/>\n<meta property=\"og:site_name\" content=\"Nos Plaques Fun\u00e9raires\" \/>\n<meta property=\"article:modified_time\" content=\"2025-08-22T19:26:18+00:00\" \/>\n<meta property=\"og:image\" content=\"https:\/\/nosplaques.informagedevelop.com\/wp-content\/uploads\/2025\/04\/Frame-1381.png\" \/>\n\t<meta property=\"og:image:width\" content=\"1300\" \/>\n\t<meta property=\"og:image:height\" content=\"1300\" \/>\n\t<meta property=\"og:image:type\" content=\"image\/png\" \/>\n<meta name=\"twitter:card\" content=\"summary_large_image\" \/>\n<script type=\"application\/ld+json\" class=\"yoast-schema-graph\">{\"@context\":\"https:\/\/schema.org\",\"@graph\":[{\"@type\":\"WebPage\",\"@id\":\"https:\/\/nosplaques.informagedevelop.com\/es\/produit\/placa-funeraria-rosas-de-colores\/\",\"url\":\"https:\/\/nosplaques.informagedevelop.com\/es\/produit\/placa-funeraria-rosas-de-colores\/\",\"name\":\"Placa Funeraria Rosas de Colores - Nos Plaques Fun\u00e9raires\",\"isPartOf\":{\"@id\":\"https:\/\/nosplaques.informagedevelop.com\/es\/#website\"},\"primaryImageOfPage\":{\"@id\":\"https:\/\/nosplaques.informagedevelop.com\/es\/produit\/placa-funeraria-rosas-de-colores\/#primaryimage\"},\"image\":{\"@id\":\"https:\/\/nosplaques.informagedevelop.com\/es\/produit\/placa-funeraria-rosas-de-colores\/#primaryimage\"},\"thumbnailUrl\":\"https:\/\/nosplaques.informagedevelop.com\/wp-content\/uploads\/2025\/04\/Frame-1381.png\",\"datePublished\":\"2025-04-14T23:41:42+00:00\",\"dateModified\":\"2025-08-22T19:26:18+00:00\",\"breadcrumb\":{\"@id\":\"https:\/\/nosplaques.informagedevelop.com\/es\/produit\/placa-funeraria-rosas-de-colores\/#breadcrumb\"},\"inLanguage\":\"es\",\"potentialAction\":[{\"@type\":\"ReadAction\",\"target\":[\"https:\/\/nosplaques.informagedevelop.com\/es\/produit\/placa-funeraria-rosas-de-colores\/\"]}]},{\"@type\":\"ImageObject\",\"inLanguage\":\"es\",\"@id\":\"https:\/\/nosplaques.informagedevelop.com\/es\/produit\/placa-funeraria-rosas-de-colores\/#primaryimage\",\"url\":\"https:\/\/nosplaques.informagedevelop.com\/wp-content\/uploads\/2025\/04\/Frame-1381.png\",\"contentUrl\":\"https:\/\/nosplaques.informagedevelop.com\/wp-content\/uploads\/2025\/04\/Frame-1381.png\",\"width\":1300,\"height\":1300},{\"@type\":\"BreadcrumbList\",\"@id\":\"https:\/\/nosplaques.informagedevelop.com\/es\/produit\/placa-funeraria-rosas-de-colores\/#breadcrumb\",\"itemListElement\":[{\"@type\":\"ListItem\",\"position\":1,\"name\":\"Accueil\",\"item\":\"https:\/\/nosplaques.informagedevelop.com\/es\/\"},{\"@type\":\"ListItem\",\"position\":2,\"name\":\"Tienda\",\"item\":\"https:\/\/nosplaques.informagedevelop.com\/es\/tienda\/\"},{\"@type\":\"ListItem\",\"position\":3,\"name\":\"Placa Funeraria Rosas de Colores\"}]},{\"@type\":\"WebSite\",\"@id\":\"https:\/\/nosplaques.informagedevelop.com\/es\/#website\",\"url\":\"https:\/\/nosplaques.informagedevelop.com\/es\/\",\"name\":\"Nos Plaques Funeraires\",\"description\":\"\",\"publisher\":{\"@id\":\"https:\/\/nosplaques.informagedevelop.com\/es\/#organization\"},\"potentialAction\":[{\"@type\":\"SearchAction\",\"target\":{\"@type\":\"EntryPoint\",\"urlTemplate\":\"https:\/\/nosplaques.informagedevelop.com\/es\/?s={search_term_string}\"},\"query-input\":{\"@type\":\"PropertyValueSpecification\",\"valueRequired\":true,\"valueName\":\"search_term_string\"}}],\"inLanguage\":\"es\"},{\"@type\":\"Organization\",\"@id\":\"https:\/\/nosplaques.informagedevelop.com\/es\/#organization\",\"name\":\"nosplaquesfuneraires.fr\",\"url\":\"https:\/\/nosplaques.informagedevelop.com\/es\/\",\"logo\":{\"@type\":\"ImageObject\",\"inLanguage\":\"es\",\"@id\":\"https:\/\/nosplaques.informagedevelop.com\/es\/#\/schema\/logo\/image\/\",\"url\":\"https:\/\/nosplaques.informagedevelop.com\/wp-content\/uploads\/2025\/03\/icon-logo.png\",\"contentUrl\":\"https:\/\/nosplaques.informagedevelop.com\/wp-content\/uploads\/2025\/03\/icon-logo.png\",\"width\":210,\"height\":210,\"caption\":\"nosplaquesfuneraires.fr\"},\"image\":{\"@id\":\"https:\/\/nosplaques.informagedevelop.com\/es\/#\/schema\/logo\/image\/\"}}]}<\/script>\n<!-- \/ Yoast SEO plugin. -->","yoast_head_json":{"title":"Placa Funeraria Rosas de Colores - Nos Plaques Fun\u00e9raires","robots":{"index":"index","follow":"follow","max-snippet":"max-snippet:-1","max-image-preview":"max-image-preview:large","max-video-preview":"max-video-preview:-1"},"canonical":"https:\/\/nosplaques.informagedevelop.com\/es\/produit\/placa-funeraria-rosas-de-colores\/","og_locale":"es_ES","og_type":"article","og_title":"Placa Funeraria Rosas de Colores - Nos Plaques Fun\u00e9raires","og_description":"L'ajout et la personnalisation de textes et photo se font \u00e0 l'\u00e9tape suivante Options de v\u00e9rification et de garantie disponibles au panier &nbsp;","og_url":"https:\/\/nosplaques.informagedevelop.com\/es\/produit\/placa-funeraria-rosas-de-colores\/","og_site_name":"Nos Plaques Fun\u00e9raires","article_modified_time":"2025-08-22T19:26:18+00:00","og_image":[{"width":1300,"height":1300,"url":"https:\/\/nosplaques.informagedevelop.com\/wp-content\/uploads\/2025\/04\/Frame-1381.png","type":"image\/png"}],"twitter_card":"summary_large_image","schema":{"@context":"https:\/\/schema.org","@graph":[{"@type":"WebPage","@id":"https:\/\/nosplaques.informagedevelop.com\/es\/produit\/placa-funeraria-rosas-de-colores\/","url":"https:\/\/nosplaques.informagedevelop.com\/es\/produit\/placa-funeraria-rosas-de-colores\/","name":"Placa Funeraria Rosas de Colores - Nos Plaques Fun\u00e9raires","isPartOf":{"@id":"https:\/\/nosplaques.informagedevelop.com\/es\/#website"},"primaryImageOfPage":{"@id":"https:\/\/nosplaques.informagedevelop.com\/es\/produit\/placa-funeraria-rosas-de-colores\/#primaryimage"},"image":{"@id":"https:\/\/nosplaques.informagedevelop.com\/es\/produit\/placa-funeraria-rosas-de-colores\/#primaryimage"},"thumbnailUrl":"https:\/\/nosplaques.informagedevelop.com\/wp-content\/uploads\/2025\/04\/Frame-1381.png","datePublished":"2025-04-14T23:41:42+00:00","dateModified":"2025-08-22T19:26:18+00:00","breadcrumb":{"@id":"https:\/\/nosplaques.informagedevelop.com\/es\/produit\/placa-funeraria-rosas-de-colores\/#breadcrumb"},"inLanguage":"es","potentialAction":[{"@type":"ReadAction","target":["https:\/\/nosplaques.informagedevelop.com\/es\/produit\/placa-funeraria-rosas-de-colores\/"]}]},{"@type":"ImageObject","inLanguage":"es","@id":"https:\/\/nosplaques.informagedevelop.com\/es\/produit\/placa-funeraria-rosas-de-colores\/#primaryimage","url":"https:\/\/nosplaques.informagedevelop.com\/wp-content\/uploads\/2025\/04\/Frame-1381.png","contentUrl":"https:\/\/nosplaques.informagedevelop.com\/wp-content\/uploads\/2025\/04\/Frame-1381.png","width":1300,"height":1300},{"@type":"BreadcrumbList","@id":"https:\/\/nosplaques.informagedevelop.com\/es\/produit\/placa-funeraria-rosas-de-colores\/#breadcrumb","itemListElement":[{"@type":"ListItem","position":1,"name":"Accueil","item":"https:\/\/nosplaques.informagedevelop.com\/es\/"},{"@type":"ListItem","position":2,"name":"Tienda","item":"https:\/\/nosplaques.informagedevelop.com\/es\/tienda\/"},{"@type":"ListItem","position":3,"name":"Placa Funeraria Rosas de Colores"}]},{"@type":"WebSite","@id":"https:\/\/nosplaques.informagedevelop.com\/es\/#website","url":"https:\/\/nosplaques.informagedevelop.com\/es\/","name":"Nos Plaques Funeraires","description":"","publisher":{"@id":"https:\/\/nosplaques.informagedevelop.com\/es\/#organization"},"potentialAction":[{"@type":"SearchAction","target":{"@type":"EntryPoint","urlTemplate":"https:\/\/nosplaques.informagedevelop.com\/es\/?s={search_term_string}"},"query-input":{"@type":"PropertyValueSpecification","valueRequired":true,"valueName":"search_term_string"}}],"inLanguage":"es"},{"@type":"Organization","@id":"https:\/\/nosplaques.informagedevelop.com\/es\/#organization","name":"nosplaquesfuneraires.fr","url":"https:\/\/nosplaques.informagedevelop.com\/es\/","logo":{"@type":"ImageObject","inLanguage":"es","@id":"https:\/\/nosplaques.informagedevelop.com\/es\/#\/schema\/logo\/image\/","url":"https:\/\/nosplaques.informagedevelop.com\/wp-content\/uploads\/2025\/03\/icon-logo.png","contentUrl":"https:\/\/nosplaques.informagedevelop.com\/wp-content\/uploads\/2025\/03\/icon-logo.png","width":210,"height":210,"caption":"nosplaquesfuneraires.fr"},"image":{"@id":"https:\/\/nosplaques.informagedevelop.com\/es\/#\/schema\/logo\/image\/"}}]}},"_links":{"self":[{"href":"https:\/\/nosplaques.informagedevelop.com\/es\/wp-json\/wp\/v2\/product\/40106","targetHints":{"allow":["GET"]}}],"collection":[{"href":"https:\/\/nosplaques.informagedevelop.com\/es\/wp-json\/wp\/v2\/product"}],"about":[{"href":"https:\/\/nosplaques.informagedevelop.com\/es\/wp-json\/wp\/v2\/types\/product"}],"replies":[{"embeddable":true,"href":"https:\/\/nosplaques.informagedevelop.com\/es\/wp-json\/wp\/v2\/comments?post=40106"}],"wp:featuredmedia":[{"embeddable":true,"href":"https:\/\/nosplaques.informagedevelop.com\/es\/wp-json\/wp\/v2\/media\/52268"}],"wp:attachment":[{"href":"https:\/\/nosplaques.informagedevelop.com\/es\/wp-json\/wp\/v2\/media?parent=40106"}],"wp:term":[{"taxonomy":"product_brand","embeddable":true,"href":"https:\/\/nosplaques.informagedevelop.com\/es\/wp-json\/wp\/v2\/product_brand?post=40106"},{"taxonomy":"product_cat","embeddable":true,"href":"https:\/\/nosplaques.informagedevelop.com\/es\/wp-json\/wp\/v2\/product_cat?post=40106"},{"taxonomy":"product_tag","embeddable":true,"href":"https:\/\/nosplaques.informagedevelop.com\/es\/wp-json\/wp\/v2\/product_tag?post=40106"}],"curies":[{"name":"wp","href":"https:\/\/api.w.org\/{rel}","templated":true}]}}