{"id":50635,"date":"2025-04-30T15:14:48","date_gmt":"2025-04-30T13:14:48","guid":{"rendered":"https:\/\/nosplaques.informagedevelop.com\/conditions-generales-de-vente\/"},"modified":"2025-08-12T01:40:29","modified_gmt":"2025-08-11T23:40:29","slug":"condiciones-generales-de-venta","status":"publish","type":"page","link":"https:\/\/nosplaques.informagedevelop.com\/es\/condiciones-generales-de-venta\/","title":{"rendered":"Condiciones generales de venta"},"content":{"rendered":"\n<section class=\"wp-block-group\"><div class=\"wp-block-group__inner-container is-layout-constrained wp-block-group-is-layout-constrained\">\n\t\t<div  class=\"block-49c976c4-c7f7-4a00-91d1-547ec8d34937 areoi-element\">\n\t\t\t\n\t\t<div class=\"areoi-background  \">\n\t\t\t<div class=\"container-fluid\" style=\"padding: 0;\">\n\t\t\t\t<div class=\"row justify-content-start\">\n\t\t\t\t\t<div class=\"col \">\n\t\t\t            <div class=\"areoi-background__color\" \n\t                        \tstyle=\"background: rgba(221, 219, 218,1)\">\n\t                        <\/div>\n\n\t                    \n\n\t                    \n\n\t                    \n\t    \t\t\t<\/div>\n\t    \t\t<\/div>\n\t    \t<\/div>\n\t    <\/div>\n\t\n\t\t\t\n\n\t\t<div  class=\"block-027ac34e-cbe8-4190-ab37-0e9b9d6c390c areoi-element container\">\n\t\t\t\n\t\t\t\n\n\t\t<div  class=\"block-9cb3bff4-827e-4f7e-9fc5-94230f64b932 row areoi-element\">\n\t\t\t\n\n\t\t\t\n\n\t\t<div  class=\"block-9e74ba9f-32d1-42a4-b6eb-b2111342e032 col areoi-element post-title\">\n\t\t\t\n\t\t\t\n<h1 class=\"wp-block-post-title\">Condiciones generales de venta<\/h1>\n \n\t\t\t\n\t\t<\/div>\n\t\n \n\t\t<\/div>\n\t\n \n\t\t<\/div>\n\t\n\n\t\t\t \n\t\t<\/div>\n\t<\/div><\/section>\n\n\n\n<div class=\"wp-block-group\"><div class=\"wp-block-group__inner-container is-layout-constrained wp-block-group-is-layout-constrained\">\n\t\t<div  class=\"block-6a7d2900-6856-4dba-a4c3-cc51335d2e3f areoi-element container\">\n\t\t\t\n\t\t\t\n\n\t\t<div  class=\"block-ba6d47dc-2ca6-4334-9332-7daa4e6552ca row areoi-element\">\n\t\t\t\n\n\t\t\t\n\n\t\t<div  class=\"block-355be18a-68df-49a6-9cb3-6a810444439d col areoi-element\">\n\t\t\t\n\t\t\t\n\n<p>\u00daltima actualizaci\u00f3n: 17-03-2025<\/p>\n\n\n\n<p>Bienvenido a <a class=\"\" href=\"https:\/\/nosplaques.informagedevelop.com\">nosplaques.informagedevelop.com<\/a>. Nos comprometemos a proteger su privacidad y garantizar la seguridad de su informaci\u00f3n personal. Esta Pol\u00edtica de privacidad describe c\u00f3mo recopilamos, usamos y protegemos su informaci\u00f3n.<\/p>\n\n\n\n<h3 class=\"wp-block-heading\">1. Informaci\u00f3n que recopilamos<\/h3>\n\n\n\n<p>Recopilamos diferentes tipos de informaci\u00f3n, incluyendo:<\/p>\n\n\n\n<ul class=\"wp-block-list\">\n<li>Informaci\u00f3n personal: Nombre, correo electr\u00f3nico, n\u00famero de tel\u00e9fono, direcci\u00f3n, etc.<\/li>\n\n\n\n<li>Informaci\u00f3n autom\u00e1tica: Direcci\u00f3n IP, tipo de navegador, p\u00e1ginas visitadas, tiempo de visita, etc.<\/li>\n\n\n\n<li>Cookies y tecnolog\u00edas similares: Para mejorar su experiencia de navegaci\u00f3n y personalizar el contenido.<\/li>\n<\/ul>\n\n\n\n<h3 class=\"wp-block-heading\">2. C\u00f3mo usamos su informaci\u00f3n<\/h3>\n\n\n\n<p>Usamos la informaci\u00f3n recopilada para:<\/p>\n\n\n\n<ul class=\"wp-block-list\">\n<li>Proveer y mejorar nuestros servicios.<\/li>\n\n\n\n<li>Comunicarnos con usted.<\/li>\n\n\n\n<li>Personalizar su experiencia.<\/li>\n\n\n\n<li>Cumplir con las obligaciones legales.<\/li>\n\n\n\n<li>Analizar el tr\u00e1fico y uso del sitio.<\/li>\n<\/ul>\n\n\n\n<h3 class=\"wp-block-heading\">3. Compartir informaci\u00f3n<\/h3>\n\n\n\n<p>No vendemos ni compartimos su informaci\u00f3n personal con terceros, excepto en los siguientes casos:<\/p>\n\n\n\n<ul class=\"wp-block-list\">\n<li>Con su consentimiento expreso.<\/li>\n\n\n\n<li>Para cumplir con requisitos legales.<\/li>\n\n\n\n<li>Con proveedores de servicios que nos ayudan a operar el sitio.<\/li>\n<\/ul>\n\n\n\n<h3 class=\"wp-block-heading\">4. Seguridad de su informaci\u00f3n<\/h3>\n\n\n\n<ol start=\"4\" class=\"wp-block-list\"><\/ol>\n\n\n\n<p>Implementamos medidas de seguridad para proteger su informaci\u00f3n contra accesos, modificaciones o divulgaciones no autorizadas.<\/p>\n\n\n\n<h3 class=\"wp-block-heading\">5. Sus derechos y opciones<\/h3>\n\n\n\n<p>Usted tiene el derecho de:<\/p>\n\n\n\n<ul class=\"wp-block-list\">\n<li>Acceder, rectificar o eliminar su informaci\u00f3n personal.<\/li>\n\n\n\n<li>Elegir no recibir comunicaciones de marketing.<\/li>\n\n\n\n<li>Configurar su navegador para rechazar las cookies.<\/li>\n<\/ul>\n\n\n\n<h3 class=\"wp-block-heading\">6. Cambios en la Pol\u00edtica de privacidad<\/h3>\n\n\n\n<p>Nos reservamos el derecho de actualizar esta pol\u00edtica en cualquier momento. Se recomienda revisar esta p\u00e1gina peri\u00f3dicamente para conocer los cambios.<\/p>\n\n\n\n<h3 class=\"wp-block-heading\">7. Contacto<\/h3>\n\n\n\n<p>Si tiene preguntas sobre esta Pol\u00edtica de privacidad, puede contactarnos en:<br>Correo electr\u00f3nico: <a href=\"mailto:contact@nosplaquesfuneraires.fr\">contact@nosplaquesfuneraires.fr<\/a><br>Direcci\u00f3n f\u00edsica: XXXX XXXXX XXXXX<br>Tel\u00e9fono: <a href=\"tel:330666311307\">+33 06 66 31 13 07<\/a><\/p>\n\n \n\t\t\t\n\t\t<\/div>\n\t\n \n\t\t<\/div>\n\t\n \n\t\t<\/div>\n\t<\/div><\/div>\n\n\n\n<p><\/p>\n","protected":false},"excerpt":{"rendered":"","protected":false},"author":1,"featured_media":0,"parent":0,"menu_order":0,"comment_status":"closed","ping_status":"closed","template":"","meta":{"_acf_changed":false,"inline_featured_image":false,"_genesis_hide_title":false,"_genesis_hide_breadcrumbs":false,"_genesis_hide_singular_image":false,"_genesis_hide_footer_widgets":false,"_genesis_custom_body_class":"","_genesis_custom_post_class":"","_genesis_layout":"","footnotes":"","_links_to":"","_links_to_target":""},"class_list":{"0":"post-50635","1":"page","2":"type-page","3":"status-publish","5":"entry"},"acf":[],"yoast_head":"<!-- This site is optimized with the Yoast SEO plugin v26.0 - https:\/\/yoast.com\/wordpress\/plugins\/seo\/ -->\n<title>Condiciones generales de venta - Nos Plaques Fun\u00e9raires<\/title>\n<meta name=\"robots\" content=\"index, follow, max-snippet:-1, max-image-preview:large, max-video-preview:-1\" \/>\n<link rel=\"canonical\" href=\"https:\/\/nosplaques.informagedevelop.com\/es\/condiciones-generales-de-venta\/\" \/>\n<meta property=\"og:locale\" content=\"es_ES\" \/>\n<meta property=\"og:type\" content=\"article\" \/>\n<meta property=\"og:title\" content=\"Condiciones generales de venta - Nos Plaques Fun\u00e9raires\" \/>\n<meta property=\"og:url\" content=\"https:\/\/nosplaques.informagedevelop.com\/es\/condiciones-generales-de-venta\/\" \/>\n<meta property=\"og:site_name\" content=\"Nos Plaques Fun\u00e9raires\" \/>\n<meta property=\"article:modified_time\" content=\"2025-08-11T23:40:29+00:00\" \/>\n<meta name=\"twitter:card\" content=\"summary_large_image\" \/>\n<meta name=\"twitter:label1\" content=\"Tiempo de lectura\" \/>\n\t<meta name=\"twitter:data1\" content=\"1 minuto\" \/>\n<script type=\"application\/ld+json\" class=\"yoast-schema-graph\">{\"@context\":\"https:\/\/schema.org\",\"@graph\":[{\"@type\":\"WebPage\",\"@id\":\"https:\/\/nosplaques.informagedevelop.com\/es\/condiciones-generales-de-venta\/\",\"url\":\"https:\/\/nosplaques.informagedevelop.com\/es\/condiciones-generales-de-venta\/\",\"name\":\"Condiciones generales de venta - Nos Plaques Fun\u00e9raires\",\"isPartOf\":{\"@id\":\"https:\/\/nosplaques.informagedevelop.com\/es\/#website\"},\"datePublished\":\"2025-04-30T13:14:48+00:00\",\"dateModified\":\"2025-08-11T23:40:29+00:00\",\"breadcrumb\":{\"@id\":\"https:\/\/nosplaques.informagedevelop.com\/es\/condiciones-generales-de-venta\/#breadcrumb\"},\"inLanguage\":\"es\",\"potentialAction\":[{\"@type\":\"ReadAction\",\"target\":[\"https:\/\/nosplaques.informagedevelop.com\/es\/condiciones-generales-de-venta\/\"]}]},{\"@type\":\"BreadcrumbList\",\"@id\":\"https:\/\/nosplaques.informagedevelop.com\/es\/condiciones-generales-de-venta\/#breadcrumb\",\"itemListElement\":[{\"@type\":\"ListItem\",\"position\":1,\"name\":\"Accueil\",\"item\":\"https:\/\/nosplaques.informagedevelop.com\/es\/\"},{\"@type\":\"ListItem\",\"position\":2,\"name\":\"Condiciones generales de venta\"}]},{\"@type\":\"WebSite\",\"@id\":\"https:\/\/nosplaques.informagedevelop.com\/es\/#website\",\"url\":\"https:\/\/nosplaques.informagedevelop.com\/es\/\",\"name\":\"Nos Plaques Funeraires\",\"description\":\"\",\"publisher\":{\"@id\":\"https:\/\/nosplaques.informagedevelop.com\/es\/#organization\"},\"potentialAction\":[{\"@type\":\"SearchAction\",\"target\":{\"@type\":\"EntryPoint\",\"urlTemplate\":\"https:\/\/nosplaques.informagedevelop.com\/es\/?s={search_term_string}\"},\"query-input\":{\"@type\":\"PropertyValueSpecification\",\"valueRequired\":true,\"valueName\":\"search_term_string\"}}],\"inLanguage\":\"es\"},{\"@type\":\"Organization\",\"@id\":\"https:\/\/nosplaques.informagedevelop.com\/es\/#organization\",\"name\":\"nosplaquesfuneraires.fr\",\"url\":\"https:\/\/nosplaques.informagedevelop.com\/es\/\",\"logo\":{\"@type\":\"ImageObject\",\"inLanguage\":\"es\",\"@id\":\"https:\/\/nosplaques.informagedevelop.com\/es\/#\/schema\/logo\/image\/\",\"url\":\"https:\/\/nosplaques.informagedevelop.com\/wp-content\/uploads\/2025\/03\/icon-logo.png\",\"contentUrl\":\"https:\/\/nosplaques.informagedevelop.com\/wp-content\/uploads\/2025\/03\/icon-logo.png\",\"width\":210,\"height\":210,\"caption\":\"nosplaquesfuneraires.fr\"},\"image\":{\"@id\":\"https:\/\/nosplaques.informagedevelop.com\/es\/#\/schema\/logo\/image\/\"}}]}<\/script>\n<!-- \/ Yoast SEO plugin. -->","yoast_head_json":{"title":"Condiciones generales de venta - Nos Plaques Fun\u00e9raires","robots":{"index":"index","follow":"follow","max-snippet":"max-snippet:-1","max-image-preview":"max-image-preview:large","max-video-preview":"max-video-preview:-1"},"canonical":"https:\/\/nosplaques.informagedevelop.com\/es\/condiciones-generales-de-venta\/","og_locale":"es_ES","og_type":"article","og_title":"Condiciones generales de venta - Nos Plaques Fun\u00e9raires","og_url":"https:\/\/nosplaques.informagedevelop.com\/es\/condiciones-generales-de-venta\/","og_site_name":"Nos Plaques Fun\u00e9raires","article_modified_time":"2025-08-11T23:40:29+00:00","twitter_card":"summary_large_image","twitter_misc":{"Tiempo de lectura":"1 minuto"},"schema":{"@context":"https:\/\/schema.org","@graph":[{"@type":"WebPage","@id":"https:\/\/nosplaques.informagedevelop.com\/es\/condiciones-generales-de-venta\/","url":"https:\/\/nosplaques.informagedevelop.com\/es\/condiciones-generales-de-venta\/","name":"Condiciones generales de venta - Nos Plaques Fun\u00e9raires","isPartOf":{"@id":"https:\/\/nosplaques.informagedevelop.com\/es\/#website"},"datePublished":"2025-04-30T13:14:48+00:00","dateModified":"2025-08-11T23:40:29+00:00","breadcrumb":{"@id":"https:\/\/nosplaques.informagedevelop.com\/es\/condiciones-generales-de-venta\/#breadcrumb"},"inLanguage":"es","potentialAction":[{"@type":"ReadAction","target":["https:\/\/nosplaques.informagedevelop.com\/es\/condiciones-generales-de-venta\/"]}]},{"@type":"BreadcrumbList","@id":"https:\/\/nosplaques.informagedevelop.com\/es\/condiciones-generales-de-venta\/#breadcrumb","itemListElement":[{"@type":"ListItem","position":1,"name":"Accueil","item":"https:\/\/nosplaques.informagedevelop.com\/es\/"},{"@type":"ListItem","position":2,"name":"Condiciones generales de venta"}]},{"@type":"WebSite","@id":"https:\/\/nosplaques.informagedevelop.com\/es\/#website","url":"https:\/\/nosplaques.informagedevelop.com\/es\/","name":"Nos Plaques Funeraires","description":"","publisher":{"@id":"https:\/\/nosplaques.informagedevelop.com\/es\/#organization"},"potentialAction":[{"@type":"SearchAction","target":{"@type":"EntryPoint","urlTemplate":"https:\/\/nosplaques.informagedevelop.com\/es\/?s={search_term_string}"},"query-input":{"@type":"PropertyValueSpecification","valueRequired":true,"valueName":"search_term_string"}}],"inLanguage":"es"},{"@type":"Organization","@id":"https:\/\/nosplaques.informagedevelop.com\/es\/#organization","name":"nosplaquesfuneraires.fr","url":"https:\/\/nosplaques.informagedevelop.com\/es\/","logo":{"@type":"ImageObject","inLanguage":"es","@id":"https:\/\/nosplaques.informagedevelop.com\/es\/#\/schema\/logo\/image\/","url":"https:\/\/nosplaques.informagedevelop.com\/wp-content\/uploads\/2025\/03\/icon-logo.png","contentUrl":"https:\/\/nosplaques.informagedevelop.com\/wp-content\/uploads\/2025\/03\/icon-logo.png","width":210,"height":210,"caption":"nosplaquesfuneraires.fr"},"image":{"@id":"https:\/\/nosplaques.informagedevelop.com\/es\/#\/schema\/logo\/image\/"}}]}},"featured_image_src":null,"featured_image_src_square":null,"_links":{"self":[{"href":"https:\/\/nosplaques.informagedevelop.com\/es\/wp-json\/wp\/v2\/pages\/50635","targetHints":{"allow":["GET"]}}],"collection":[{"href":"https:\/\/nosplaques.informagedevelop.com\/es\/wp-json\/wp\/v2\/pages"}],"about":[{"href":"https:\/\/nosplaques.informagedevelop.com\/es\/wp-json\/wp\/v2\/types\/page"}],"author":[{"embeddable":true,"href":"https:\/\/nosplaques.informagedevelop.com\/es\/wp-json\/wp\/v2\/users\/1"}],"replies":[{"embeddable":true,"href":"https:\/\/nosplaques.informagedevelop.com\/es\/wp-json\/wp\/v2\/comments?post=50635"}],"version-history":[{"count":2,"href":"https:\/\/nosplaques.informagedevelop.com\/es\/wp-json\/wp\/v2\/pages\/50635\/revisions"}],"predecessor-version":[{"id":57472,"href":"https:\/\/nosplaques.informagedevelop.com\/es\/wp-json\/wp\/v2\/pages\/50635\/revisions\/57472"}],"wp:attachment":[{"href":"https:\/\/nosplaques.informagedevelop.com\/es\/wp-json\/wp\/v2\/media?parent=50635"}],"curies":[{"name":"wp","href":"https:\/\/api.w.org\/{rel}","templated":true}]}}