{"id":1804,"date":"2025-03-13T23:36:39","date_gmt":"2025-03-13T22:36:39","guid":{"rendered":"https:\/\/nosplaques.informagedevelop.com\/contactez-nous\/"},"modified":"2025-03-26T21:22:04","modified_gmt":"2025-03-26T20:22:04","slug":"contactez-nous","status":"publish","type":"page","link":"https:\/\/nosplaques.informagedevelop.com\/es\/contactez-nous\/","title":{"rendered":"Contacte con nosotros"},"content":{"rendered":"\n\t\t<div  class=\"block-7d3138ff-ff6b-4b5e-a66b-8f65a5dd98e2 areoi-element\">\n\t\t\t\n\t\t<div class=\"areoi-background  \">\n\t\t\t<div class=\"container-fluid\" style=\"padding: 0;\">\n\t\t\t\t<div class=\"row justify-content-start\">\n\t\t\t\t\t<div class=\"col \">\n\t\t\t            <div class=\"areoi-background__color\" \n\t                        \tstyle=\"background: rgba(226, 225, 225,1)\">\n\t                        <\/div>\n\n\t                    \n\n\t                    \n\n\t                    \n\t    \t\t\t<\/div>\n\t    \t\t<\/div>\n\t    \t<\/div>\n\t    <\/div>\n\t\n\t\t\t\n\n\t\t<div  class=\"block-674524eb-3b90-4635-8a9a-6f24a14ba76c areoi-element container\">\n\t\t\t\n\t\t\t\n\n\t\t<div  class=\"block-9cb3bff4-827e-4f7e-9fc5-94230f64b932 row areoi-element\">\n\t\t\t\n\n\t\t\t\n\n\t\t<div  class=\"block-9e74ba9f-32d1-42a4-b6eb-b2111342e032 col areoi-element post-title\">\n\t\t\t\n\t\t\t\n<h1 class=\"wp-block-post-title\">Contacte con nosotros<\/h1>\n \n\t\t\t\n\t\t<\/div>\n\t\n \n\t\t<\/div>\n\t\n \n\t\t<\/div>\n\t\n\n\t\t\t \n\t\t<\/div>\n\t\n\n\n\t\t<div  class=\"block-416e6036-bb00-4c86-9f6a-dad0717bda35 areoi-element container\">\n\t\t\t\n\t\t\t\n\n\t\t<div  class=\"block-f631ba36-209f-474e-bfc8-6438ea974fff row areoi-element\">\n\t\t\t\n\n\t\t\t\n\n\t\t<div  class=\"block-a9f0221e-9742-4ea9-8efe-6f1657e84f42 col areoi-element col-12 col-md-6 col-lg-6\">\n\t\t\t\n\t\t\t\n\n<div class=\"wp-block-cover is-light custom-overlay\"><span aria-hidden=\"true\" class=\"wp-block-cover__background has-background-dim-40 has-background-dim\" style=\"background-color:#dddbda\"><\/span><img decoding=\"async\" width=\"845\" height=\"638\" class=\"wp-block-cover__image-background wp-image-196\" alt=\"\" src=\"https:\/\/nosplaques.informagedevelop.com\/wp-content\/uploads\/2025\/03\/85-min.png\" data-object-fit=\"cover\" srcset=\"https:\/\/nosplaques.informagedevelop.com\/wp-content\/uploads\/2025\/03\/85-min.png 845w, https:\/\/nosplaques.informagedevelop.com\/wp-content\/uploads\/2025\/03\/85-min-655x495.png 655w, https:\/\/nosplaques.informagedevelop.com\/wp-content\/uploads\/2025\/03\/85-min-300x227.png 300w, https:\/\/nosplaques.informagedevelop.com\/wp-content\/uploads\/2025\/03\/85-min-768x580.png 768w\" sizes=\"(max-width: 845px) 100vw, 845px\" \/><div class=\"wp-block-cover__inner-container is-layout-constrained wp-block-cover-is-layout-constrained\">\n<p class=\"has-text-align-center has-large-font-size\"><\/p>\n<\/div><\/div>\n\n \n\t\t\t\n\t\t<\/div>\n\t\n\n\n\t\t<div  class=\"block-4e370363-8b7b-449d-866b-dc2236f8061a col areoi-element form-col col-12 col-md-6 col-lg-6\">\n\t\t\t\n\t\t\t\n\n\t\t<div  class=\"block-ac4babe5-ef12-4e9c-a3e5-10637b270ba1 areoi-element form-message\">\n\t\t\t\n\t\t\t\n\n<p class=\"has-text-align-center\">Nuestro equipo est\u00e1 a su disposici\u00f3n para responder a sus mensajes.<\/p>\n\n\n\n<p class=\"has-text-align-center\" id=\"block-0518cb91-7250-4fd7-9c00-e9e1c0c4733d\">Para enviarnos un mensaje, puede utilizar<\/p>\n\n\n\n<p class=\"has-text-align-center\">el siguiente formulario:<\/p>\n\n\n\t\t\t \n\t\t<\/div>\n\t\n\n\n<div class=\"wpcf7 no-js\" id=\"wpcf7-f1806-o1\" lang=\"es-ES\" dir=\"ltr\" data-wpcf7-id=\"1806\">\n<div class=\"screen-reader-response\"><p role=\"status\" aria-live=\"polite\" aria-atomic=\"true\"><\/p> <ul><\/ul><\/div>\n<form action=\"\/es\/wp-json\/wp\/v2\/pages\/1804#wpcf7-f1806-o1\" method=\"post\" class=\"wpcf7-form init contact-form\" aria-label=\"Formulario de contacto\" novalidate=\"novalidate\" data-status=\"init\">\n<fieldset class=\"hidden-fields-container\"><input type=\"hidden\" name=\"_wpcf7\" value=\"1806\" \/><input type=\"hidden\" name=\"_wpcf7_version\" value=\"6.1.2\" \/><input type=\"hidden\" name=\"_wpcf7_locale\" value=\"es_ES\" \/><input type=\"hidden\" name=\"_wpcf7_unit_tag\" value=\"wpcf7-f1806-o1\" \/><input type=\"hidden\" name=\"_wpcf7_container_post\" value=\"0\" \/><input type=\"hidden\" name=\"_wpcf7_posted_data_hash\" value=\"\" \/>\n<\/fieldset>\n<div class=\"row\">\n\t<div class=\"col-12\">\n\t\t<p><span class=\"wpcf7-form-control-wrap\" data-name=\"your-name\"><input size=\"40\" maxlength=\"400\" class=\"wpcf7-form-control wpcf7-text wpcf7-validates-as-required form-control\" aria-required=\"true\" aria-invalid=\"false\" placeholder=\"Nombre\" value=\"\" type=\"text\" name=\"your-name\" \/><\/span>\n\t\t<\/p>\n\t<\/div>\n<\/div>\n<div class=\"row\">\n\t<div class=\"col-12\">\n\t\t<p><span class=\"wpcf7-form-control-wrap\" data-name=\"your-phone\"><input size=\"40\" maxlength=\"400\" class=\"wpcf7-form-control wpcf7-tel wpcf7-validates-as-required wpcf7-text wpcf7-validates-as-tel form-control\" aria-required=\"true\" aria-invalid=\"false\" placeholder=\"Tel\u00e9fono\" value=\"\" type=\"tel\" name=\"your-phone\" \/><\/span>\n\t\t<\/p>\n\t<\/div>\n<\/div>\n<div class=\"row\">\n\t<div class=\"col-12\">\n\t\t<p><span class=\"wpcf7-form-control-wrap\" data-name=\"your-email\"><input size=\"40\" maxlength=\"400\" class=\"wpcf7-form-control wpcf7-email wpcf7-validates-as-required wpcf7-text wpcf7-validates-as-email form-control\" aria-required=\"true\" aria-invalid=\"false\" placeholder=\"Correo Electronico\" value=\"\" type=\"email\" name=\"your-email\" \/><\/span>\n\t\t<\/p>\n\t<\/div>\n<\/div>\n<div class=\"row\">\n\t<div class=\"col-12\">\n\t\t<p><span class=\"wpcf7-form-control-wrap\" data-name=\"your-message\"><textarea cols=\"40\" rows=\"1\" maxlength=\"2000\" class=\"wpcf7-form-control wpcf7-textarea wpcf7-validates-as-required form-control\" aria-required=\"true\" aria-invalid=\"false\" placeholder=\"Mensaje\" name=\"your-message\"><\/textarea><\/span>\n\t\t<\/p>\n\t<\/div>\n<\/div>\n<div class=\"row\">\n\t<div class=\"col-12\">\n\t<hr \/>\n\t<\/div>\n<\/div>\n<div class=\"row align-items-center\">\n\t<div class=\"col-lg-7 col-sm-12 acceptance\">\n\t\t<p><span class=\"wpcf7-form-control-wrap\" data-name=\"acceptance-157\"><span class=\"wpcf7-form-control wpcf7-acceptance\"><span class=\"wpcf7-list-item\"><label><input type=\"checkbox\" name=\"acceptance-157\" value=\"1\" id=\"custom-form-acceptance\" aria-invalid=\"false\" \/><span class=\"wpcf7-list-item-label\">Acepto la pol\u00edtica de privacidad<\/span><\/label><\/span><\/span><\/span>\n\t\t<\/p>\n\t<\/div>\n\t<div class=\"col-lg-5 col-sm-12 submit-content\">\n\t\t<p><input class=\"wpcf7-form-control wpcf7-submit has-spinner submit-btn\" type=\"submit\" value=\"Enviar\" \/>\n\t\t<\/p>\n\t<\/div>\n<\/div><div class=\"wpcf7-response-output\" aria-hidden=\"true\"><\/div>\n<\/form>\n<\/div>\n\n\n\n\n<p class=\"has-small-font-size\">El Responsable del tratamiento de sus datos es xxx., con domicilio en xxxxx, con el NIF xxxxx. Le informamos que trataremos la informaci\u00f3n que usted nos facilite con el fin de contestar su solicitud de informaci\u00f3n y de remitirle comunicaci\u00f3n comercial sobre nuestros servicios que puedan ser de su inter\u00e9s. Si usted no desea recibir informaci\u00f3n comercial, rogamos nos lo informe enviando un e-mail a xxxx. Los datos personales proporcionados se conservar\u00e1n mientras usted no solicite su supresi\u00f3n. Le informamos que tiene derecho a acceder a sus datos personales, as\u00ed como a solicitar la rectificaci\u00f3n de los datos inexactos o, en su caso, solicitar su supresi\u00f3n a cualquier momento. La base legal para el tratamiento de sus datos es el consentimiento otorgado al clicar la casilla de aceptaci\u00f3n al final de este formulario.<\/p>\n\n \n\t\t\t\n\t\t<\/div>\n\t\n \n\t\t<\/div>\n\t\n \n\t\t<\/div>\n\t","protected":false},"excerpt":{"rendered":"","protected":false},"author":1,"featured_media":0,"parent":0,"menu_order":0,"comment_status":"closed","ping_status":"closed","template":"","meta":{"_acf_changed":false,"inline_featured_image":false,"_genesis_hide_title":false,"_genesis_hide_breadcrumbs":false,"_genesis_hide_singular_image":false,"_genesis_hide_footer_widgets":false,"_genesis_custom_body_class":"","_genesis_custom_post_class":"","_genesis_layout":"","footnotes":"","_links_to":"","_links_to_target":""},"class_list":{"0":"post-1804","1":"page","2":"type-page","3":"status-publish","5":"entry"},"acf":[],"yoast_head":"<!-- This site is optimized with the Yoast SEO plugin v26.0 - https:\/\/yoast.com\/wordpress\/plugins\/seo\/ -->\n<title>Contacte con nosotros - Nos Plaques Fun\u00e9raires<\/title>\n<meta name=\"robots\" content=\"index, follow, max-snippet:-1, max-image-preview:large, max-video-preview:-1\" \/>\n<link rel=\"canonical\" href=\"https:\/\/nosplaques.informagedevelop.com\/es\/contactez-nous\/\" \/>\n<meta property=\"og:locale\" content=\"es_ES\" \/>\n<meta property=\"og:type\" content=\"article\" \/>\n<meta property=\"og:title\" content=\"Contacte con nosotros - Nos Plaques Fun\u00e9raires\" \/>\n<meta property=\"og:url\" content=\"https:\/\/nosplaques.informagedevelop.com\/es\/contactez-nous\/\" \/>\n<meta property=\"og:site_name\" content=\"Nos Plaques Fun\u00e9raires\" \/>\n<meta property=\"article:modified_time\" content=\"2025-03-26T20:22:04+00:00\" \/>\n<meta property=\"og:image\" content=\"https:\/\/nosplaques.informagedevelop.com\/wp-content\/uploads\/2025\/03\/85-min.png\" \/>\n<meta name=\"twitter:card\" content=\"summary_large_image\" \/>\n<meta name=\"twitter:label1\" content=\"Tiempo de lectura\" \/>\n\t<meta name=\"twitter:data1\" content=\"1 minuto\" \/>\n<script type=\"application\/ld+json\" class=\"yoast-schema-graph\">{\"@context\":\"https:\/\/schema.org\",\"@graph\":[{\"@type\":\"WebPage\",\"@id\":\"https:\/\/nosplaques.informagedevelop.com\/es\/contactez-nous\/\",\"url\":\"https:\/\/nosplaques.informagedevelop.com\/es\/contactez-nous\/\",\"name\":\"Contacte con nosotros - Nos Plaques Fun\u00e9raires\",\"isPartOf\":{\"@id\":\"https:\/\/nosplaques.informagedevelop.com\/es\/#website\"},\"primaryImageOfPage\":{\"@id\":\"https:\/\/nosplaques.informagedevelop.com\/es\/contactez-nous\/#primaryimage\"},\"image\":{\"@id\":\"https:\/\/nosplaques.informagedevelop.com\/es\/contactez-nous\/#primaryimage\"},\"thumbnailUrl\":\"https:\/\/nosplaques.informagedevelop.com\/wp-content\/uploads\/2025\/03\/85-min.png\",\"datePublished\":\"2025-03-13T22:36:39+00:00\",\"dateModified\":\"2025-03-26T20:22:04+00:00\",\"breadcrumb\":{\"@id\":\"https:\/\/nosplaques.informagedevelop.com\/es\/contactez-nous\/#breadcrumb\"},\"inLanguage\":\"es\",\"potentialAction\":[{\"@type\":\"ReadAction\",\"target\":[\"https:\/\/nosplaques.informagedevelop.com\/es\/contactez-nous\/\"]}]},{\"@type\":\"ImageObject\",\"inLanguage\":\"es\",\"@id\":\"https:\/\/nosplaques.informagedevelop.com\/es\/contactez-nous\/#primaryimage\",\"url\":\"https:\/\/nosplaques.informagedevelop.com\/wp-content\/uploads\/2025\/03\/85-min.png\",\"contentUrl\":\"https:\/\/nosplaques.informagedevelop.com\/wp-content\/uploads\/2025\/03\/85-min.png\"},{\"@type\":\"BreadcrumbList\",\"@id\":\"https:\/\/nosplaques.informagedevelop.com\/es\/contactez-nous\/#breadcrumb\",\"itemListElement\":[{\"@type\":\"ListItem\",\"position\":1,\"name\":\"Accueil\",\"item\":\"https:\/\/nosplaques.informagedevelop.com\/es\/\"},{\"@type\":\"ListItem\",\"position\":2,\"name\":\"Contacte con nosotros\"}]},{\"@type\":\"WebSite\",\"@id\":\"https:\/\/nosplaques.informagedevelop.com\/es\/#website\",\"url\":\"https:\/\/nosplaques.informagedevelop.com\/es\/\",\"name\":\"Nos Plaques Funeraires\",\"description\":\"\",\"publisher\":{\"@id\":\"https:\/\/nosplaques.informagedevelop.com\/es\/#organization\"},\"potentialAction\":[{\"@type\":\"SearchAction\",\"target\":{\"@type\":\"EntryPoint\",\"urlTemplate\":\"https:\/\/nosplaques.informagedevelop.com\/es\/?s={search_term_string}\"},\"query-input\":{\"@type\":\"PropertyValueSpecification\",\"valueRequired\":true,\"valueName\":\"search_term_string\"}}],\"inLanguage\":\"es\"},{\"@type\":\"Organization\",\"@id\":\"https:\/\/nosplaques.informagedevelop.com\/es\/#organization\",\"name\":\"nosplaquesfuneraires.fr\",\"url\":\"https:\/\/nosplaques.informagedevelop.com\/es\/\",\"logo\":{\"@type\":\"ImageObject\",\"inLanguage\":\"es\",\"@id\":\"https:\/\/nosplaques.informagedevelop.com\/es\/#\/schema\/logo\/image\/\",\"url\":\"https:\/\/nosplaques.informagedevelop.com\/wp-content\/uploads\/2025\/03\/icon-logo.png\",\"contentUrl\":\"https:\/\/nosplaques.informagedevelop.com\/wp-content\/uploads\/2025\/03\/icon-logo.png\",\"width\":210,\"height\":210,\"caption\":\"nosplaquesfuneraires.fr\"},\"image\":{\"@id\":\"https:\/\/nosplaques.informagedevelop.com\/es\/#\/schema\/logo\/image\/\"}}]}<\/script>\n<!-- \/ Yoast SEO plugin. -->","yoast_head_json":{"title":"Contacte con nosotros - Nos Plaques Fun\u00e9raires","robots":{"index":"index","follow":"follow","max-snippet":"max-snippet:-1","max-image-preview":"max-image-preview:large","max-video-preview":"max-video-preview:-1"},"canonical":"https:\/\/nosplaques.informagedevelop.com\/es\/contactez-nous\/","og_locale":"es_ES","og_type":"article","og_title":"Contacte con nosotros - Nos Plaques Fun\u00e9raires","og_url":"https:\/\/nosplaques.informagedevelop.com\/es\/contactez-nous\/","og_site_name":"Nos Plaques Fun\u00e9raires","article_modified_time":"2025-03-26T20:22:04+00:00","og_image":[{"url":"https:\/\/nosplaques.informagedevelop.com\/wp-content\/uploads\/2025\/03\/85-min.png","type":"","width":"","height":""}],"twitter_card":"summary_large_image","twitter_misc":{"Tiempo de lectura":"1 minuto"},"schema":{"@context":"https:\/\/schema.org","@graph":[{"@type":"WebPage","@id":"https:\/\/nosplaques.informagedevelop.com\/es\/contactez-nous\/","url":"https:\/\/nosplaques.informagedevelop.com\/es\/contactez-nous\/","name":"Contacte con nosotros - Nos Plaques Fun\u00e9raires","isPartOf":{"@id":"https:\/\/nosplaques.informagedevelop.com\/es\/#website"},"primaryImageOfPage":{"@id":"https:\/\/nosplaques.informagedevelop.com\/es\/contactez-nous\/#primaryimage"},"image":{"@id":"https:\/\/nosplaques.informagedevelop.com\/es\/contactez-nous\/#primaryimage"},"thumbnailUrl":"https:\/\/nosplaques.informagedevelop.com\/wp-content\/uploads\/2025\/03\/85-min.png","datePublished":"2025-03-13T22:36:39+00:00","dateModified":"2025-03-26T20:22:04+00:00","breadcrumb":{"@id":"https:\/\/nosplaques.informagedevelop.com\/es\/contactez-nous\/#breadcrumb"},"inLanguage":"es","potentialAction":[{"@type":"ReadAction","target":["https:\/\/nosplaques.informagedevelop.com\/es\/contactez-nous\/"]}]},{"@type":"ImageObject","inLanguage":"es","@id":"https:\/\/nosplaques.informagedevelop.com\/es\/contactez-nous\/#primaryimage","url":"https:\/\/nosplaques.informagedevelop.com\/wp-content\/uploads\/2025\/03\/85-min.png","contentUrl":"https:\/\/nosplaques.informagedevelop.com\/wp-content\/uploads\/2025\/03\/85-min.png"},{"@type":"BreadcrumbList","@id":"https:\/\/nosplaques.informagedevelop.com\/es\/contactez-nous\/#breadcrumb","itemListElement":[{"@type":"ListItem","position":1,"name":"Accueil","item":"https:\/\/nosplaques.informagedevelop.com\/es\/"},{"@type":"ListItem","position":2,"name":"Contacte con nosotros"}]},{"@type":"WebSite","@id":"https:\/\/nosplaques.informagedevelop.com\/es\/#website","url":"https:\/\/nosplaques.informagedevelop.com\/es\/","name":"Nos Plaques Funeraires","description":"","publisher":{"@id":"https:\/\/nosplaques.informagedevelop.com\/es\/#organization"},"potentialAction":[{"@type":"SearchAction","target":{"@type":"EntryPoint","urlTemplate":"https:\/\/nosplaques.informagedevelop.com\/es\/?s={search_term_string}"},"query-input":{"@type":"PropertyValueSpecification","valueRequired":true,"valueName":"search_term_string"}}],"inLanguage":"es"},{"@type":"Organization","@id":"https:\/\/nosplaques.informagedevelop.com\/es\/#organization","name":"nosplaquesfuneraires.fr","url":"https:\/\/nosplaques.informagedevelop.com\/es\/","logo":{"@type":"ImageObject","inLanguage":"es","@id":"https:\/\/nosplaques.informagedevelop.com\/es\/#\/schema\/logo\/image\/","url":"https:\/\/nosplaques.informagedevelop.com\/wp-content\/uploads\/2025\/03\/icon-logo.png","contentUrl":"https:\/\/nosplaques.informagedevelop.com\/wp-content\/uploads\/2025\/03\/icon-logo.png","width":210,"height":210,"caption":"nosplaquesfuneraires.fr"},"image":{"@id":"https:\/\/nosplaques.informagedevelop.com\/es\/#\/schema\/logo\/image\/"}}]}},"featured_image_src":null,"featured_image_src_square":null,"_links":{"self":[{"href":"https:\/\/nosplaques.informagedevelop.com\/es\/wp-json\/wp\/v2\/pages\/1804","targetHints":{"allow":["GET"]}}],"collection":[{"href":"https:\/\/nosplaques.informagedevelop.com\/es\/wp-json\/wp\/v2\/pages"}],"about":[{"href":"https:\/\/nosplaques.informagedevelop.com\/es\/wp-json\/wp\/v2\/types\/page"}],"author":[{"embeddable":true,"href":"https:\/\/nosplaques.informagedevelop.com\/es\/wp-json\/wp\/v2\/users\/1"}],"replies":[{"embeddable":true,"href":"https:\/\/nosplaques.informagedevelop.com\/es\/wp-json\/wp\/v2\/comments?post=1804"}],"version-history":[{"count":0,"href":"https:\/\/nosplaques.informagedevelop.com\/es\/wp-json\/wp\/v2\/pages\/1804\/revisions"}],"wp:attachment":[{"href":"https:\/\/nosplaques.informagedevelop.com\/es\/wp-json\/wp\/v2\/media?parent=1804"}],"curies":[{"name":"wp","href":"https:\/\/api.w.org\/{rel}","templated":true}]}}