{"id":1765,"date":"2025-03-17T20:35:02","date_gmt":"2025-03-17T19:35:02","guid":{"rendered":"https:\/\/nosplaques.informagedevelop.com\/nouvelles-juridiques\/"},"modified":"2025-08-12T01:42:48","modified_gmt":"2025-08-11T23:42:48","slug":"aviso-legal","status":"publish","type":"page","link":"https:\/\/nosplaques.informagedevelop.com\/es\/aviso-legal\/","title":{"rendered":"Aviso Legal"},"content":{"rendered":"\n<section class=\"wp-block-group\"><div class=\"wp-block-group__inner-container is-layout-constrained wp-block-group-is-layout-constrained\">\n\t\t<div  class=\"block-8286530b-4f85-4118-b414-7c060dd23971 areoi-element\">\n\t\t\t\n\t\t<div class=\"areoi-background  \">\n\t\t\t<div class=\"container-fluid\" style=\"padding: 0;\">\n\t\t\t\t<div class=\"row justify-content-start\">\n\t\t\t\t\t<div class=\"col \">\n\t\t\t            <div class=\"areoi-background__color\" \n\t                        \tstyle=\"background: rgba(221, 219, 218,1)\">\n\t                        <\/div>\n\n\t                    \n\n\t                    \n\n\t                    \n\t    \t\t\t<\/div>\n\t    \t\t<\/div>\n\t    \t<\/div>\n\t    <\/div>\n\t\n\t\t\t\n\n\t\t<div  class=\"block-027ac34e-cbe8-4190-ab37-0e9b9d6c390c areoi-element container\">\n\t\t\t\n\t\t\t\n\n\t\t<div  class=\"block-9cb3bff4-827e-4f7e-9fc5-94230f64b932 row areoi-element\">\n\t\t\t\n\n\t\t\t\n\n\t\t<div  class=\"block-9e74ba9f-32d1-42a4-b6eb-b2111342e032 col areoi-element post-title\">\n\t\t\t\n\t\t\t\n<h1 class=\"wp-block-post-title\">Aviso Legal<\/h1>\n \n\t\t\t\n\t\t<\/div>\n\t\n \n\t\t<\/div>\n\t\n \n\t\t<\/div>\n\t\n\n\t\t\t \n\t\t<\/div>\n\t<\/div><\/section>\n\n\n\n<div class=\"wp-block-group\"><div class=\"wp-block-group__inner-container is-layout-constrained wp-block-group-is-layout-constrained\">\n\t\t<div  class=\"block-6a7d2900-6856-4dba-a4c3-cc51335d2e3f areoi-element container\">\n\t\t\t\n\t\t\t\n\n\t\t<div  class=\"block-ba6d47dc-2ca6-4334-9332-7daa4e6552ca row areoi-element\">\n\t\t\t\n\n\t\t\t\n\n\t\t<div  class=\"block-355be18a-68df-49a6-9cb3-6a810444439d col areoi-element\">\n\t\t\t\n\t\t\t\n\n<h3 class=\"wp-block-heading\"><strong>Aviso Legal<\/strong><\/h3>\n\n\n\n<p>Bienvenido a nuestra p\u00e1gina de noticias legales, su fuente confiable de informaci\u00f3n sobre los \u00faltimos avances jur\u00eddicos en Francia y en el extranjero. Aqu\u00ed encontrar\u00e1 an\u00e1lisis profundos, interpretaciones de importantes sentencias legales y consejos pr\u00e1cticos para particulares y profesionales.<\/p>\n\n\n\n<p><strong>\u00daltimo aviso legal:<\/strong><\/p>\n\n\n\n<p><strong>Reforma del derecho laboral: qu\u00e9 cambia en 2025<\/strong><br>El gobierno franc\u00e9s ha adoptado una nueva reforma destinada a flexibilizar los contratos de trabajo y fortalecer la protecci\u00f3n de los empleados. \u00bfCu\u00e1les son las implicaciones para las empresas y los trabajadores?<\/p>\n\n\n\n<p><strong>Nueva jurisprudencia en derecho inmobiliario<\/strong><br>El Tribunal Supremo franc\u00e9s ha emitido una sentencia importante sobre arrendamientos comerciales. \u00bfQu\u00e9 cambios se esperan para arrendadores e inquilinos?<\/p>\n\n\n\n<p><strong>Protecci\u00f3n de datos: multas r\u00e9cord por incumplimiento del RGPD<\/strong><br>Varias empresas han sido sancionadas por no cumplir con las normas de protecci\u00f3n de datos personales. \u00bfC\u00f3mo pueden evitarse estas penalizaciones?<\/p>\n\n\n\n<p><strong>Documentos y an\u00e1lisis<\/strong><\/p>\n\n\n\n<ul class=\"wp-block-list\">\n<li>Divorcio en Francia: nuevas reglas y procedimientos simplificados<\/li>\n\n\n\n<li>Derecho penal: \u00bfhacia una reforma de las penas alternativas?<\/li>\n\n\n\n<li>Criptomonedas y fiscalidad: \u00bfqu\u00e9 deben saber los inversores?<\/li>\n<\/ul>\n\n\n\n<p><strong>Nuestros expertos le mantienen informado<\/strong><br>Nuestro equipo de abogados y expertos legales analiza las \u00faltimas reformas y le ofrece art\u00edculos exclusivos para ayudarle a comprender mejor sus derechos y obligaciones.<\/p>\n\n \n\t\t\t\n\t\t<\/div>\n\t\n \n\t\t<\/div>\n\t\n \n\t\t<\/div>\n\t<\/div><\/div>\n","protected":false},"excerpt":{"rendered":"","protected":false},"author":1,"featured_media":0,"parent":0,"menu_order":0,"comment_status":"closed","ping_status":"closed","template":"","meta":{"_acf_changed":false,"inline_featured_image":false,"_genesis_hide_title":false,"_genesis_hide_breadcrumbs":false,"_genesis_hide_singular_image":false,"_genesis_hide_footer_widgets":false,"_genesis_custom_body_class":"","_genesis_custom_post_class":"","_genesis_layout":"","footnotes":"","_links_to":"","_links_to_target":""},"class_list":{"0":"post-1765","1":"page","2":"type-page","3":"status-publish","5":"entry"},"acf":[],"yoast_head":"<!-- This site is optimized with the Yoast SEO plugin v26.0 - https:\/\/yoast.com\/wordpress\/plugins\/seo\/ -->\n<title>Aviso Legal - Nos Plaques Fun\u00e9raires<\/title>\n<meta name=\"robots\" content=\"index, follow, max-snippet:-1, max-image-preview:large, max-video-preview:-1\" \/>\n<link rel=\"canonical\" href=\"https:\/\/nosplaques.informagedevelop.com\/es\/aviso-legal\/\" \/>\n<meta property=\"og:locale\" content=\"es_ES\" \/>\n<meta property=\"og:type\" content=\"article\" \/>\n<meta property=\"og:title\" content=\"Aviso Legal - Nos Plaques Fun\u00e9raires\" \/>\n<meta property=\"og:url\" content=\"https:\/\/nosplaques.informagedevelop.com\/es\/aviso-legal\/\" \/>\n<meta property=\"og:site_name\" content=\"Nos Plaques Fun\u00e9raires\" \/>\n<meta property=\"article:modified_time\" content=\"2025-08-11T23:42:48+00:00\" \/>\n<meta name=\"twitter:card\" content=\"summary_large_image\" \/>\n<meta name=\"twitter:label1\" content=\"Tiempo de lectura\" \/>\n\t<meta name=\"twitter:data1\" content=\"1 minuto\" \/>\n<script type=\"application\/ld+json\" class=\"yoast-schema-graph\">{\"@context\":\"https:\/\/schema.org\",\"@graph\":[{\"@type\":\"WebPage\",\"@id\":\"https:\/\/nosplaques.informagedevelop.com\/es\/aviso-legal\/\",\"url\":\"https:\/\/nosplaques.informagedevelop.com\/es\/aviso-legal\/\",\"name\":\"Aviso Legal - Nos Plaques Fun\u00e9raires\",\"isPartOf\":{\"@id\":\"https:\/\/nosplaques.informagedevelop.com\/es\/#website\"},\"datePublished\":\"2025-03-17T19:35:02+00:00\",\"dateModified\":\"2025-08-11T23:42:48+00:00\",\"breadcrumb\":{\"@id\":\"https:\/\/nosplaques.informagedevelop.com\/es\/aviso-legal\/#breadcrumb\"},\"inLanguage\":\"es\",\"potentialAction\":[{\"@type\":\"ReadAction\",\"target\":[\"https:\/\/nosplaques.informagedevelop.com\/es\/aviso-legal\/\"]}]},{\"@type\":\"BreadcrumbList\",\"@id\":\"https:\/\/nosplaques.informagedevelop.com\/es\/aviso-legal\/#breadcrumb\",\"itemListElement\":[{\"@type\":\"ListItem\",\"position\":1,\"name\":\"Accueil\",\"item\":\"https:\/\/nosplaques.informagedevelop.com\/es\/\"},{\"@type\":\"ListItem\",\"position\":2,\"name\":\"Aviso Legal\"}]},{\"@type\":\"WebSite\",\"@id\":\"https:\/\/nosplaques.informagedevelop.com\/es\/#website\",\"url\":\"https:\/\/nosplaques.informagedevelop.com\/es\/\",\"name\":\"Nos Plaques Funeraires\",\"description\":\"\",\"publisher\":{\"@id\":\"https:\/\/nosplaques.informagedevelop.com\/es\/#organization\"},\"potentialAction\":[{\"@type\":\"SearchAction\",\"target\":{\"@type\":\"EntryPoint\",\"urlTemplate\":\"https:\/\/nosplaques.informagedevelop.com\/es\/?s={search_term_string}\"},\"query-input\":{\"@type\":\"PropertyValueSpecification\",\"valueRequired\":true,\"valueName\":\"search_term_string\"}}],\"inLanguage\":\"es\"},{\"@type\":\"Organization\",\"@id\":\"https:\/\/nosplaques.informagedevelop.com\/es\/#organization\",\"name\":\"nosplaquesfuneraires.fr\",\"url\":\"https:\/\/nosplaques.informagedevelop.com\/es\/\",\"logo\":{\"@type\":\"ImageObject\",\"inLanguage\":\"es\",\"@id\":\"https:\/\/nosplaques.informagedevelop.com\/es\/#\/schema\/logo\/image\/\",\"url\":\"https:\/\/nosplaques.informagedevelop.com\/wp-content\/uploads\/2025\/03\/icon-logo.png\",\"contentUrl\":\"https:\/\/nosplaques.informagedevelop.com\/wp-content\/uploads\/2025\/03\/icon-logo.png\",\"width\":210,\"height\":210,\"caption\":\"nosplaquesfuneraires.fr\"},\"image\":{\"@id\":\"https:\/\/nosplaques.informagedevelop.com\/es\/#\/schema\/logo\/image\/\"}}]}<\/script>\n<!-- \/ Yoast SEO plugin. -->","yoast_head_json":{"title":"Aviso Legal - Nos Plaques Fun\u00e9raires","robots":{"index":"index","follow":"follow","max-snippet":"max-snippet:-1","max-image-preview":"max-image-preview:large","max-video-preview":"max-video-preview:-1"},"canonical":"https:\/\/nosplaques.informagedevelop.com\/es\/aviso-legal\/","og_locale":"es_ES","og_type":"article","og_title":"Aviso Legal - Nos Plaques Fun\u00e9raires","og_url":"https:\/\/nosplaques.informagedevelop.com\/es\/aviso-legal\/","og_site_name":"Nos Plaques Fun\u00e9raires","article_modified_time":"2025-08-11T23:42:48+00:00","twitter_card":"summary_large_image","twitter_misc":{"Tiempo de lectura":"1 minuto"},"schema":{"@context":"https:\/\/schema.org","@graph":[{"@type":"WebPage","@id":"https:\/\/nosplaques.informagedevelop.com\/es\/aviso-legal\/","url":"https:\/\/nosplaques.informagedevelop.com\/es\/aviso-legal\/","name":"Aviso Legal - Nos Plaques Fun\u00e9raires","isPartOf":{"@id":"https:\/\/nosplaques.informagedevelop.com\/es\/#website"},"datePublished":"2025-03-17T19:35:02+00:00","dateModified":"2025-08-11T23:42:48+00:00","breadcrumb":{"@id":"https:\/\/nosplaques.informagedevelop.com\/es\/aviso-legal\/#breadcrumb"},"inLanguage":"es","potentialAction":[{"@type":"ReadAction","target":["https:\/\/nosplaques.informagedevelop.com\/es\/aviso-legal\/"]}]},{"@type":"BreadcrumbList","@id":"https:\/\/nosplaques.informagedevelop.com\/es\/aviso-legal\/#breadcrumb","itemListElement":[{"@type":"ListItem","position":1,"name":"Accueil","item":"https:\/\/nosplaques.informagedevelop.com\/es\/"},{"@type":"ListItem","position":2,"name":"Aviso Legal"}]},{"@type":"WebSite","@id":"https:\/\/nosplaques.informagedevelop.com\/es\/#website","url":"https:\/\/nosplaques.informagedevelop.com\/es\/","name":"Nos Plaques Funeraires","description":"","publisher":{"@id":"https:\/\/nosplaques.informagedevelop.com\/es\/#organization"},"potentialAction":[{"@type":"SearchAction","target":{"@type":"EntryPoint","urlTemplate":"https:\/\/nosplaques.informagedevelop.com\/es\/?s={search_term_string}"},"query-input":{"@type":"PropertyValueSpecification","valueRequired":true,"valueName":"search_term_string"}}],"inLanguage":"es"},{"@type":"Organization","@id":"https:\/\/nosplaques.informagedevelop.com\/es\/#organization","name":"nosplaquesfuneraires.fr","url":"https:\/\/nosplaques.informagedevelop.com\/es\/","logo":{"@type":"ImageObject","inLanguage":"es","@id":"https:\/\/nosplaques.informagedevelop.com\/es\/#\/schema\/logo\/image\/","url":"https:\/\/nosplaques.informagedevelop.com\/wp-content\/uploads\/2025\/03\/icon-logo.png","contentUrl":"https:\/\/nosplaques.informagedevelop.com\/wp-content\/uploads\/2025\/03\/icon-logo.png","width":210,"height":210,"caption":"nosplaquesfuneraires.fr"},"image":{"@id":"https:\/\/nosplaques.informagedevelop.com\/es\/#\/schema\/logo\/image\/"}}]}},"featured_image_src":null,"featured_image_src_square":null,"_links":{"self":[{"href":"https:\/\/nosplaques.informagedevelop.com\/es\/wp-json\/wp\/v2\/pages\/1765","targetHints":{"allow":["GET"]}}],"collection":[{"href":"https:\/\/nosplaques.informagedevelop.com\/es\/wp-json\/wp\/v2\/pages"}],"about":[{"href":"https:\/\/nosplaques.informagedevelop.com\/es\/wp-json\/wp\/v2\/types\/page"}],"author":[{"embeddable":true,"href":"https:\/\/nosplaques.informagedevelop.com\/es\/wp-json\/wp\/v2\/users\/1"}],"replies":[{"embeddable":true,"href":"https:\/\/nosplaques.informagedevelop.com\/es\/wp-json\/wp\/v2\/comments?post=1765"}],"version-history":[{"count":1,"href":"https:\/\/nosplaques.informagedevelop.com\/es\/wp-json\/wp\/v2\/pages\/1765\/revisions"}],"predecessor-version":[{"id":57473,"href":"https:\/\/nosplaques.informagedevelop.com\/es\/wp-json\/wp\/v2\/pages\/1765\/revisions\/57473"}],"wp:attachment":[{"href":"https:\/\/nosplaques.informagedevelop.com\/es\/wp-json\/wp\/v2\/media?parent=1765"}],"curies":[{"name":"wp","href":"https:\/\/api.w.org\/{rel}","templated":true}]}}